{"id":1869,"date":"2017-03-03T15:08:56","date_gmt":"2017-03-03T18:08:56","guid":{"rendered":"http:\/\/lopesfilhoadvogados.com.br\/?page_id=1869\/"},"modified":"2017-03-27T20:51:49","modified_gmt":"2017-03-27T23:51:49","slug":"contacto","status":"publish","type":"page","link":"https:\/\/lopesfilhoadvogados.com.br\/es\/contacto\/","title":{"rendered":"Contacto"},"content":{"rendered":"","protected":false},"excerpt":{"rendered":"","protected":false},"author":2,"featured_media":0,"parent":0,"menu_order":0,"comment_status":"closed","ping_status":"closed","template":"","meta":{"_joinchat":[],"footnotes":""},"class_list":["post-1869","page","type-page","status-publish","hentry"],"yoast_head":"<!-- This site is optimized with the Yoast SEO plugin v27.3 - https:\/\/yoast.com\/product\/yoast-seo-wordpress\/ -->\n<title>Contacto - Lopes Filho Advogados<\/title>\n<meta name=\"robots\" content=\"index, follow, max-snippet:-1, max-image-preview:large, max-video-preview:-1\" \/>\n<link rel=\"canonical\" href=\"https:\/\/lopesfilhoadvogados.com.br\/contato\/\" \/>\n<meta property=\"og:locale\" content=\"es_ES\" \/>\n<meta property=\"og:type\" content=\"article\" \/>\n<meta property=\"og:title\" content=\"Contacto - Lopes Filho Advogados\" \/>\n<meta property=\"og:url\" content=\"https:\/\/lopesfilhoadvogados.com.br\/contato\/\" \/>\n<meta property=\"og:site_name\" content=\"Lopes Filho Advogados\" \/>\n<meta property=\"article:publisher\" content=\"https:\/\/www.facebook.com\/lopesfilhoadvogados\/\" \/>\n<meta property=\"article:modified_time\" content=\"2017-03-27T23:51:49+00:00\" \/>\n<meta name=\"twitter:card\" content=\"summary_large_image\" \/>\n<script type=\"application\/ld+json\" class=\"yoast-schema-graph\">{\"@context\":\"https:\\\/\\\/schema.org\",\"@graph\":[{\"@type\":\"WebPage\",\"@id\":\"https:\\\/\\\/lopesfilhoadvogados.com.br\\\/contato\\\/\",\"url\":\"https:\\\/\\\/lopesfilhoadvogados.com.br\\\/contato\\\/\",\"name\":\"Contacto - Lopes Filho Advogados\",\"isPartOf\":{\"@id\":\"https:\\\/\\\/lopesfilhoadvogados.com.br\\\/#website\"},\"datePublished\":\"2017-03-03T18:08:56+00:00\",\"dateModified\":\"2017-03-27T23:51:49+00:00\",\"breadcrumb\":{\"@id\":\"https:\\\/\\\/lopesfilhoadvogados.com.br\\\/contato\\\/#breadcrumb\"},\"inLanguage\":\"es\",\"potentialAction\":[{\"@type\":\"ReadAction\",\"target\":[\"https:\\\/\\\/lopesfilhoadvogados.com.br\\\/contato\\\/\"]}]},{\"@type\":\"BreadcrumbList\",\"@id\":\"https:\\\/\\\/lopesfilhoadvogados.com.br\\\/contato\\\/#breadcrumb\",\"itemListElement\":[{\"@type\":\"ListItem\",\"position\":1,\"name\":\"In\u00edcio\",\"item\":\"https:\\\/\\\/lopesfilhoadvogados.com.br\\\/\"},{\"@type\":\"ListItem\",\"position\":2,\"name\":\"Contacto\"}]},{\"@type\":\"WebSite\",\"@id\":\"https:\\\/\\\/lopesfilhoadvogados.com.br\\\/#website\",\"url\":\"https:\\\/\\\/lopesfilhoadvogados.com.br\\\/\",\"name\":\"Lopes Filho Advogados\",\"description\":\"Especializado na \u00e1rea C\u00edvel, Direito de Fam\u00edlia, Imobili\u00e1ria e casos de Responsabilidade Civil.\",\"publisher\":{\"@id\":\"https:\\\/\\\/lopesfilhoadvogados.com.br\\\/#organization\"},\"potentialAction\":[{\"@type\":\"SearchAction\",\"target\":{\"@type\":\"EntryPoint\",\"urlTemplate\":\"https:\\\/\\\/lopesfilhoadvogados.com.br\\\/?s={search_term_string}\"},\"query-input\":{\"@type\":\"PropertyValueSpecification\",\"valueRequired\":true,\"valueName\":\"search_term_string\"}}],\"inLanguage\":\"es\"},{\"@type\":\"Organization\",\"@id\":\"https:\\\/\\\/lopesfilhoadvogados.com.br\\\/#organization\",\"name\":\"Lopes Filho Advogados\",\"url\":\"https:\\\/\\\/lopesfilhoadvogados.com.br\\\/\",\"logo\":{\"@type\":\"ImageObject\",\"inLanguage\":\"es\",\"@id\":\"https:\\\/\\\/lopesfilhoadvogados.com.br\\\/#\\\/schema\\\/logo\\\/image\\\/\",\"url\":\"http:\\\/\\\/lopesfilhoadvogados.com.br\\\/wp-content\\\/uploads\\\/2017\\\/02\\\/logo_topo.png\",\"contentUrl\":\"http:\\\/\\\/lopesfilhoadvogados.com.br\\\/wp-content\\\/uploads\\\/2017\\\/02\\\/logo_topo.png\",\"width\":258,\"height\":161,\"caption\":\"Lopes Filho Advogados\"},\"image\":{\"@id\":\"https:\\\/\\\/lopesfilhoadvogados.com.br\\\/#\\\/schema\\\/logo\\\/image\\\/\"},\"sameAs\":[\"https:\\\/\\\/www.facebook.com\\\/lopesfilhoadvogados\\\/\"]}]}<\/script>\n<!-- \/ Yoast SEO plugin. -->","yoast_head_json":{"title":"Contacto - Lopes Filho Advogados","robots":{"index":"index","follow":"follow","max-snippet":"max-snippet:-1","max-image-preview":"max-image-preview:large","max-video-preview":"max-video-preview:-1"},"canonical":"https:\/\/lopesfilhoadvogados.com.br\/contato\/","og_locale":"es_ES","og_type":"article","og_title":"Contacto - Lopes Filho Advogados","og_url":"https:\/\/lopesfilhoadvogados.com.br\/contato\/","og_site_name":"Lopes Filho Advogados","article_publisher":"https:\/\/www.facebook.com\/lopesfilhoadvogados\/","article_modified_time":"2017-03-27T23:51:49+00:00","twitter_card":"summary_large_image","schema":{"@context":"https:\/\/schema.org","@graph":[{"@type":"WebPage","@id":"https:\/\/lopesfilhoadvogados.com.br\/contato\/","url":"https:\/\/lopesfilhoadvogados.com.br\/contato\/","name":"Contacto - Lopes Filho Advogados","isPartOf":{"@id":"https:\/\/lopesfilhoadvogados.com.br\/#website"},"datePublished":"2017-03-03T18:08:56+00:00","dateModified":"2017-03-27T23:51:49+00:00","breadcrumb":{"@id":"https:\/\/lopesfilhoadvogados.com.br\/contato\/#breadcrumb"},"inLanguage":"es","potentialAction":[{"@type":"ReadAction","target":["https:\/\/lopesfilhoadvogados.com.br\/contato\/"]}]},{"@type":"BreadcrumbList","@id":"https:\/\/lopesfilhoadvogados.com.br\/contato\/#breadcrumb","itemListElement":[{"@type":"ListItem","position":1,"name":"In\u00edcio","item":"https:\/\/lopesfilhoadvogados.com.br\/"},{"@type":"ListItem","position":2,"name":"Contacto"}]},{"@type":"WebSite","@id":"https:\/\/lopesfilhoadvogados.com.br\/#website","url":"https:\/\/lopesfilhoadvogados.com.br\/","name":"Lopes Filho Advogados","description":"Especializado na \u00e1rea C\u00edvel, Direito de Fam\u00edlia, Imobili\u00e1ria e casos de Responsabilidade Civil.","publisher":{"@id":"https:\/\/lopesfilhoadvogados.com.br\/#organization"},"potentialAction":[{"@type":"SearchAction","target":{"@type":"EntryPoint","urlTemplate":"https:\/\/lopesfilhoadvogados.com.br\/?s={search_term_string}"},"query-input":{"@type":"PropertyValueSpecification","valueRequired":true,"valueName":"search_term_string"}}],"inLanguage":"es"},{"@type":"Organization","@id":"https:\/\/lopesfilhoadvogados.com.br\/#organization","name":"Lopes Filho Advogados","url":"https:\/\/lopesfilhoadvogados.com.br\/","logo":{"@type":"ImageObject","inLanguage":"es","@id":"https:\/\/lopesfilhoadvogados.com.br\/#\/schema\/logo\/image\/","url":"http:\/\/lopesfilhoadvogados.com.br\/wp-content\/uploads\/2017\/02\/logo_topo.png","contentUrl":"http:\/\/lopesfilhoadvogados.com.br\/wp-content\/uploads\/2017\/02\/logo_topo.png","width":258,"height":161,"caption":"Lopes Filho Advogados"},"image":{"@id":"https:\/\/lopesfilhoadvogados.com.br\/#\/schema\/logo\/image\/"},"sameAs":["https:\/\/www.facebook.com\/lopesfilhoadvogados\/"]}]}},"_links":{"self":[{"href":"https:\/\/lopesfilhoadvogados.com.br\/es\/wp-json\/wp\/v2\/pages\/1869","targetHints":{"allow":["GET"]}}],"collection":[{"href":"https:\/\/lopesfilhoadvogados.com.br\/es\/wp-json\/wp\/v2\/pages"}],"about":[{"href":"https:\/\/lopesfilhoadvogados.com.br\/es\/wp-json\/wp\/v2\/types\/page"}],"author":[{"embeddable":true,"href":"https:\/\/lopesfilhoadvogados.com.br\/es\/wp-json\/wp\/v2\/users\/2"}],"replies":[{"embeddable":true,"href":"https:\/\/lopesfilhoadvogados.com.br\/es\/wp-json\/wp\/v2\/comments?post=1869"}],"version-history":[{"count":1,"href":"https:\/\/lopesfilhoadvogados.com.br\/es\/wp-json\/wp\/v2\/pages\/1869\/revisions"}],"predecessor-version":[{"id":1870,"href":"https:\/\/lopesfilhoadvogados.com.br\/es\/wp-json\/wp\/v2\/pages\/1869\/revisions\/1870"}],"wp:attachment":[{"href":"https:\/\/lopesfilhoadvogados.com.br\/es\/wp-json\/wp\/v2\/media?parent=1869"}],"curies":[{"name":"wp","href":"https:\/\/api.w.org\/{rel}","templated":true}]}}